{"id":984,"date":"2019-05-14T10:01:08","date_gmt":"2019-05-14T08:01:08","guid":{"rendered":"https:\/\/www.spadreams.es\/blog\/?page_id=984"},"modified":"2021-12-16T11:50:20","modified_gmt":"2021-12-16T09:50:20","slug":"home","status":"publish","type":"page","link":"https:\/\/www.spadreams.es\/blog\/","title":{"rendered":"P\u00e1gina principal &#8211; Blog SpaDreams"},"content":{"rendered":"","protected":false},"excerpt":{"rendered":"","protected":false},"author":3,"featured_media":0,"parent":0,"menu_order":0,"comment_status":"closed","ping_status":"closed","template":"","meta":{"wprm-recipe-roundup-name":"","wprm-recipe-roundup-description":"","footnotes":""},"yoast_head":"<!-- This site is optimized with the Yoast SEO plugin v22.6 - https:\/\/yoast.com\/wordpress\/plugins\/seo\/ -->\n<title>P\u00e1gina principal - Blog SpaDreams<\/title>\n<meta name=\"description\" content=\"Bienvenidos a nuestro blog de SpaDreams. Aqu\u00ed encontrar\u00e1 informaci\u00f3n y consejos para planificar sus vacaciones de salud y bienestar.\" \/>\n<meta name=\"robots\" content=\"index, follow, max-snippet:-1, max-image-preview:large, max-video-preview:-1\" \/>\n<meta property=\"og:locale\" content=\"es_ES\" \/>\n<meta property=\"og:type\" content=\"article\" \/>\n<meta property=\"og:title\" content=\"P\u00e1gina principal - Blog SpaDreams\" \/>\n<meta property=\"og:description\" content=\"Bienvenidos a nuestro blog de SpaDreams. Aqu\u00ed encontrar\u00e1 informaci\u00f3n y consejos para planificar sus vacaciones de salud y bienestar.\" \/>\n<meta property=\"og:url\" content=\"https:\/\/www.spadreams.es\/blog\/\" \/>\n<meta property=\"og:site_name\" content=\"SpaDreams Blog\" \/>\n<meta property=\"article:modified_time\" content=\"2021-12-16T09:50:20+00:00\" \/>\n<meta name=\"twitter:card\" content=\"summary_large_image\" \/>\n<script type=\"application\/ld+json\" class=\"yoast-schema-graph\">{\"@context\":\"https:\/\/schema.org\",\"@graph\":[{\"@type\":\"WebPage\",\"@id\":\"https:\/\/www.spadreams.es\/blog\/\",\"url\":\"https:\/\/www.spadreams.es\/blog\/\",\"name\":\"P\u00e1gina principal - Blog SpaDreams\",\"isPartOf\":{\"@id\":\"https:\/\/www.spadreams.es\/blog\/#website\"},\"datePublished\":\"2019-05-14T08:01:08+00:00\",\"dateModified\":\"2021-12-16T09:50:20+00:00\",\"description\":\"Bienvenidos a nuestro blog de SpaDreams. Aqu\u00ed encontrar\u00e1 informaci\u00f3n y consejos para planificar sus vacaciones de salud y bienestar.\",\"breadcrumb\":{\"@id\":\"https:\/\/www.spadreams.es\/blog\/#breadcrumb\"},\"inLanguage\":\"es\",\"potentialAction\":[{\"@type\":\"ReadAction\",\"target\":[\"https:\/\/www.spadreams.es\/blog\/\"]}]},{\"@type\":\"BreadcrumbList\",\"@id\":\"https:\/\/www.spadreams.es\/blog\/#breadcrumb\",\"itemListElement\":[{\"@type\":\"ListItem\",\"position\":1,\"name\":\"Home\",\"item\":\"https:\/\/www.spadreams.es\/blog\/\"},{\"@type\":\"ListItem\",\"position\":2,\"name\":\"P\u00e1gina principal &#8211; Blog SpaDreams\"}]},{\"@type\":\"WebSite\",\"@id\":\"https:\/\/www.spadreams.es\/blog\/#website\",\"url\":\"https:\/\/www.spadreams.es\/blog\/\",\"name\":\"SpaDreams Blog\",\"description\":\"Su referente en viajes de bienestar y salud. Disfrute de programas de yoga, ayurveda, detox, belleza, termales, terapias o ponerse en forma por todo el mundo!\",\"potentialAction\":[{\"@type\":\"SearchAction\",\"target\":{\"@type\":\"EntryPoint\",\"urlTemplate\":\"https:\/\/www.spadreams.es\/blog\/?s={search_term_string}\"},\"query-input\":\"required name=search_term_string\"}],\"inLanguage\":\"es\"}]}<\/script>\n<!-- \/ Yoast SEO plugin. -->","yoast_head_json":{"title":"P\u00e1gina principal - Blog SpaDreams","description":"Bienvenidos a nuestro blog de SpaDreams. Aqu\u00ed encontrar\u00e1 informaci\u00f3n y consejos para planificar sus vacaciones de salud y bienestar.","robots":{"index":"index","follow":"follow","max-snippet":"max-snippet:-1","max-image-preview":"max-image-preview:large","max-video-preview":"max-video-preview:-1"},"og_locale":"es_ES","og_type":"article","og_title":"P\u00e1gina principal - Blog SpaDreams","og_description":"Bienvenidos a nuestro blog de SpaDreams. Aqu\u00ed encontrar\u00e1 informaci\u00f3n y consejos para planificar sus vacaciones de salud y bienestar.","og_url":"https:\/\/www.spadreams.es\/blog\/","og_site_name":"SpaDreams Blog","article_modified_time":"2021-12-16T09:50:20+00:00","twitter_card":"summary_large_image","schema":{"@context":"https:\/\/schema.org","@graph":[{"@type":"WebPage","@id":"https:\/\/www.spadreams.es\/blog\/","url":"https:\/\/www.spadreams.es\/blog\/","name":"P\u00e1gina principal - Blog SpaDreams","isPartOf":{"@id":"https:\/\/www.spadreams.es\/blog\/#website"},"datePublished":"2019-05-14T08:01:08+00:00","dateModified":"2021-12-16T09:50:20+00:00","description":"Bienvenidos a nuestro blog de SpaDreams. Aqu\u00ed encontrar\u00e1 informaci\u00f3n y consejos para planificar sus vacaciones de salud y bienestar.","breadcrumb":{"@id":"https:\/\/www.spadreams.es\/blog\/#breadcrumb"},"inLanguage":"es","potentialAction":[{"@type":"ReadAction","target":["https:\/\/www.spadreams.es\/blog\/"]}]},{"@type":"BreadcrumbList","@id":"https:\/\/www.spadreams.es\/blog\/#breadcrumb","itemListElement":[{"@type":"ListItem","position":1,"name":"Home","item":"https:\/\/www.spadreams.es\/blog\/"},{"@type":"ListItem","position":2,"name":"P\u00e1gina principal &#8211; Blog SpaDreams"}]},{"@type":"WebSite","@id":"https:\/\/www.spadreams.es\/blog\/#website","url":"https:\/\/www.spadreams.es\/blog\/","name":"SpaDreams Blog","description":"Su referente en viajes de bienestar y salud. Disfrute de programas de yoga, ayurveda, detox, belleza, termales, terapias o ponerse en forma por todo el mundo!","potentialAction":[{"@type":"SearchAction","target":{"@type":"EntryPoint","urlTemplate":"https:\/\/www.spadreams.es\/blog\/?s={search_term_string}"},"query-input":"required name=search_term_string"}],"inLanguage":"es"}]}},"_links":{"self":[{"href":"https:\/\/www.spadreams.es\/blog\/wp-json\/wp\/v2\/pages\/984"}],"collection":[{"href":"https:\/\/www.spadreams.es\/blog\/wp-json\/wp\/v2\/pages"}],"about":[{"href":"https:\/\/www.spadreams.es\/blog\/wp-json\/wp\/v2\/types\/page"}],"author":[{"embeddable":true,"href":"https:\/\/www.spadreams.es\/blog\/wp-json\/wp\/v2\/users\/3"}],"replies":[{"embeddable":true,"href":"https:\/\/www.spadreams.es\/blog\/wp-json\/wp\/v2\/comments?post=984"}],"version-history":[{"count":2,"href":"https:\/\/www.spadreams.es\/blog\/wp-json\/wp\/v2\/pages\/984\/revisions"}],"predecessor-version":[{"id":1860,"href":"https:\/\/www.spadreams.es\/blog\/wp-json\/wp\/v2\/pages\/984\/revisions\/1860"}],"wp:attachment":[{"href":"https:\/\/www.spadreams.es\/blog\/wp-json\/wp\/v2\/media?parent=984"}],"curies":[{"name":"wp","href":"https:\/\/api.w.org\/{rel}","templated":true}]}}